{"id":11,"date":"2021-07-31T21:59:31","date_gmt":"2021-07-31T21:59:31","guid":{"rendered":"https:\/\/www.grozd.mk\/?page_id=11"},"modified":"2022-01-31T22:57:13","modified_gmt":"2022-01-31T22:57:13","slug":"visit-us","status":"publish","type":"page","link":"https:\/\/www.grozd.mk\/sq\/visit-us\/","title":{"rendered":"Vizitat"},"content":{"rendered":"<div data-elementor-type=\"wp-page\" data-elementor-id=\"11\" class=\"elementor elementor-11\" data-elementor-settings=\"{&quot;element_pack_global_tooltip_width&quot;:{&quot;unit&quot;:&quot;px&quot;,&quot;size&quot;:&quot;&quot;,&quot;sizes&quot;:[]},&quot;element_pack_global_tooltip_width_tablet&quot;:{&quot;unit&quot;:&quot;px&quot;,&quot;size&quot;:&quot;&quot;,&quot;sizes&quot;:[]},&quot;element_pack_global_tooltip_width_mobile&quot;:{&quot;unit&quot;:&quot;px&quot;,&quot;size&quot;:&quot;&quot;,&quot;sizes&quot;:[]},&quot;element_pack_global_tooltip_padding&quot;:{&quot;unit&quot;:&quot;px&quot;,&quot;top&quot;:&quot;&quot;,&quot;right&quot;:&quot;&quot;,&quot;bottom&quot;:&quot;&quot;,&quot;left&quot;:&quot;&quot;,&quot;isLinked&quot;:true},&quot;element_pack_global_tooltip_padding_tablet&quot;:{&quot;unit&quot;:&quot;px&quot;,&quot;top&quot;:&quot;&quot;,&quot;right&quot;:&quot;&quot;,&quot;bottom&quot;:&quot;&quot;,&quot;left&quot;:&quot;&quot;,&quot;isLinked&quot;:true},&quot;element_pack_global_tooltip_padding_mobile&quot;:{&quot;unit&quot;:&quot;px&quot;,&quot;top&quot;:&quot;&quot;,&quot;right&quot;:&quot;&quot;,&quot;bottom&quot;:&quot;&quot;,&quot;left&quot;:&quot;&quot;,&quot;isLinked&quot;:true},&quot;element_pack_global_tooltip_border_radius&quot;:{&quot;unit&quot;:&quot;px&quot;,&quot;top&quot;:&quot;&quot;,&quot;right&quot;:&quot;&quot;,&quot;bottom&quot;:&quot;&quot;,&quot;left&quot;:&quot;&quot;,&quot;isLinked&quot;:true},&quot;element_pack_global_tooltip_border_radius_tablet&quot;:{&quot;unit&quot;:&quot;px&quot;,&quot;top&quot;:&quot;&quot;,&quot;right&quot;:&quot;&quot;,&quot;bottom&quot;:&quot;&quot;,&quot;left&quot;:&quot;&quot;,&quot;isLinked&quot;:true},&quot;element_pack_global_tooltip_border_radius_mobile&quot;:{&quot;unit&quot;:&quot;px&quot;,&quot;top&quot;:&quot;&quot;,&quot;right&quot;:&quot;&quot;,&quot;bottom&quot;:&quot;&quot;,&quot;left&quot;:&quot;&quot;,&quot;isLinked&quot;:true}}\" data-elementor-post-type=\"page\">\n\t\t\t\t\t\t<section class=\"elementor-section elementor-top-section elementor-element elementor-element-6a50fe56 elementor-section-height-min-height elementor-section-boxed elementor-section-height-default elementor-section-items-middle elementor-invisible\" data-id=\"6a50fe56\" data-element_type=\"section\" data-e-type=\"section\" id=\"home\" data-settings=\"{&quot;background_background&quot;:&quot;classic&quot;,&quot;animation&quot;:&quot;fadeIn&quot;}\">\n\t\t\t\t\t\t\t<div class=\"elementor-background-overlay\"><\/div>\n\t\t\t\t\t\t\t<div class=\"elementor-container elementor-column-gap-default\">\n\t\t\t\t\t<div class=\"elementor-column elementor-col-100 elementor-top-column elementor-element elementor-element-6959cf7b\" data-id=\"6959cf7b\" data-element_type=\"column\" data-e-type=\"column\" data-settings=\"{&quot;animation&quot;:&quot;none&quot;}\">\n\t\t\t<div class=\"elementor-widget-wrap elementor-element-populated\">\n\t\t\t\t\t\t<div class=\"elementor-element elementor-element-62ff6012 elementor-invisible elementor-widget elementor-widget-heading\" data-id=\"62ff6012\" data-element_type=\"widget\" data-e-type=\"widget\" data-settings=\"{&quot;_animation&quot;:&quot;fadeInDown&quot;}\" data-widget_type=\"heading.default\">\n\t\t\t\t<div class=\"elementor-widget-container\">\n\t\t\t\t\t<h2 class=\"elementor-heading-title elementor-size-default\"><a href=\"#wineyards\">Vizitat<\/a><\/h2>\t\t\t\t<\/div>\n\t\t\t\t<\/div>\n\t\t\t\t<div class=\"elementor-element elementor-element-399c4984 elementor-invisible elementor-widget elementor-widget-heading\" data-id=\"399c4984\" data-element_type=\"widget\" data-e-type=\"widget\" data-settings=\"{&quot;_animation&quot;:&quot;fadeInDown&quot;,&quot;_animation_delay&quot;:400}\" data-widget_type=\"heading.default\">\n\t\t\t\t<div class=\"elementor-widget-container\">\n\t\t\t\t\t<h2 class=\"elementor-heading-title elementor-size-default\"><a href=\"#wines\">Na vizitoni dhe b\u00ebhuni mysafiri yn\u00eb <\/a><\/h2>\t\t\t\t<\/div>\n\t\t\t\t<\/div>\n\t\t\t\t\t<\/div>\n\t\t<\/div>\n\t\t\t\t\t<\/div>\n\t\t<\/section>\n\t\t\t\t<section class=\"elementor-section elementor-top-section elementor-element elementor-element-fb25d63 elementor-section-boxed elementor-section-height-default elementor-section-height-default\" data-id=\"fb25d63\" data-element_type=\"section\" data-e-type=\"section\">\n\t\t\t\t\t\t<div class=\"elementor-container elementor-column-gap-default\">\n\t\t\t\t\t<div class=\"elementor-column elementor-col-100 elementor-top-column elementor-element elementor-element-1befd295\" data-id=\"1befd295\" data-element_type=\"column\" data-e-type=\"column\">\n\t\t\t<div class=\"elementor-widget-wrap elementor-element-populated\">\n\t\t\t\t\t\t<div class=\"elementor-element elementor-element-3d2a97c2 animated-slow elementor-invisible elementor-widget elementor-widget-image\" data-id=\"3d2a97c2\" data-element_type=\"widget\" data-e-type=\"widget\" data-settings=\"{&quot;_animation&quot;:&quot;flash&quot;}\" data-widget_type=\"image.default\">\n\t\t\t\t<div class=\"elementor-widget-container\">\n\t\t\t\t\t\t\t\t\t\t\t\t\t\t\t\t<a href=\"#philosophy\">\n\t\t\t\t\t\t\t<img decoding=\"async\" width=\"31\" height=\"74\" src=\"https:\/\/www.grozd.mk\/wp-content\/uploads\/2021\/07\/Scroll-Down.png\" class=\"attachment-thumbnail size-thumbnail wp-image-18\" alt=\"\" \/>\t\t\t\t\t\t\t\t<\/a>\n\t\t\t\t\t\t\t\t\t\t\t\t\t\t\t<\/div>\n\t\t\t\t<\/div>\n\t\t\t\t\t<\/div>\n\t\t<\/div>\n\t\t\t\t\t<\/div>\n\t\t<\/section>\n\t\t\t\t<section class=\"elementor-section elementor-top-section elementor-element elementor-element-268b9aff elementor-section-boxed elementor-section-height-default elementor-section-height-default\" data-id=\"268b9aff\" data-element_type=\"section\" data-e-type=\"section\">\n\t\t\t\t\t\t<div class=\"elementor-container elementor-column-gap-default\">\n\t\t\t\t\t<div class=\"elementor-column elementor-col-100 elementor-top-column elementor-element elementor-element-256ef7fa\" data-id=\"256ef7fa\" data-element_type=\"column\" data-e-type=\"column\">\n\t\t\t<div class=\"elementor-widget-wrap elementor-element-populated\">\n\t\t\t\t\t\t<div class=\"elementor-element elementor-element-25d25a7e animated-slow elementor-invisible elementor-widget elementor-widget-image\" data-id=\"25d25a7e\" data-element_type=\"widget\" data-e-type=\"widget\" data-settings=\"{&quot;_animation&quot;:&quot;flash&quot;}\" data-widget_type=\"image.default\">\n\t\t\t\t<div class=\"elementor-widget-container\">\n\t\t\t\t\t\t\t\t\t\t\t\t\t\t\t\t<a href=\"#philosophy\">\n\t\t\t\t\t\t\t<img decoding=\"async\" width=\"31\" height=\"74\" src=\"https:\/\/www.grozd.mk\/wp-content\/uploads\/2021\/07\/Scroll-Down.png\" class=\"attachment-thumbnail size-thumbnail wp-image-18\" alt=\"\" \/>\t\t\t\t\t\t\t\t<\/a>\n\t\t\t\t\t\t\t\t\t\t\t\t\t\t\t<\/div>\n\t\t\t\t<\/div>\n\t\t\t\t\t<\/div>\n\t\t<\/div>\n\t\t\t\t\t<\/div>\n\t\t<\/section>\n\t\t\t\t<section class=\"elementor-section elementor-top-section elementor-element elementor-element-562d093d elementor-section-boxed elementor-section-height-default elementor-section-height-default\" data-id=\"562d093d\" data-element_type=\"section\" data-e-type=\"section\">\n\t\t\t\t\t\t<div class=\"elementor-container elementor-column-gap-default\">\n\t\t\t\t\t<div class=\"elementor-column elementor-col-100 elementor-top-column elementor-element elementor-element-111f0443\" data-id=\"111f0443\" data-element_type=\"column\" data-e-type=\"column\">\n\t\t\t<div class=\"elementor-widget-wrap elementor-element-populated\">\n\t\t\t\t\t\t<div class=\"elementor-element elementor-element-77fd5142 elementor-invisible elementor-widget elementor-widget-text-editor\" data-id=\"77fd5142\" data-element_type=\"widget\" data-e-type=\"widget\" data-settings=\"{&quot;_animation&quot;:&quot;fadeIn&quot;}\" data-widget_type=\"text-editor.default\">\n\t\t\t\t<div class=\"elementor-widget-container\">\n\t\t\t\t\t\t\t\t\tKa disa arsye pse duhet t\u00eb na vizitoni: Nga nj\u00ebra an\u00eb p\u00ebr ver\u00ebrat tona, nga ana tjet\u00ebr, i hapim dyert e bodrumit dhe u japim klient\u00ebve t\u00eb interesuar, miqve dhe shoq\u00ebruesve nj\u00eb pamje \"prapa skenave\".\n\n\t\t\t\t\t\t\t\t<\/div>\n\t\t\t\t<\/div>\n\t\t\t\t<div class=\"elementor-element elementor-element-7554fbb3 elementor-invisible elementor-widget elementor-widget-image\" data-id=\"7554fbb3\" data-element_type=\"widget\" data-e-type=\"widget\" data-settings=\"{&quot;_animation&quot;:&quot;fadeIn&quot;}\" data-widget_type=\"image.default\">\n\t\t\t\t<div class=\"elementor-widget-container\">\n\t\t\t\t\t\t\t\t\t\t\t\t\t\t\t<img fetchpriority=\"high\" decoding=\"async\" width=\"2304\" height=\"1536\" src=\"https:\/\/www.grozd.mk\/wp-content\/uploads\/2021\/08\/vizit.jpeg\" class=\"attachment-full size-full wp-image-528\" alt=\"\" srcset=\"https:\/\/www.grozd.mk\/wp-content\/uploads\/2021\/08\/vizit.jpeg 2304w, https:\/\/www.grozd.mk\/wp-content\/uploads\/2021\/08\/vizit-300x200.jpeg 300w, https:\/\/www.grozd.mk\/wp-content\/uploads\/2021\/08\/vizit-1024x683.jpeg 1024w, https:\/\/www.grozd.mk\/wp-content\/uploads\/2021\/08\/vizit-768x512.jpeg 768w, https:\/\/www.grozd.mk\/wp-content\/uploads\/2021\/08\/vizit-1536x1024.jpeg 1536w, https:\/\/www.grozd.mk\/wp-content\/uploads\/2021\/08\/vizit-2048x1365.jpeg 2048w\" sizes=\"(max-width: 2304px) 100vw, 2304px\" \/>\t\t\t\t\t\t\t\t\t\t\t\t\t\t\t<\/div>\n\t\t\t\t<\/div>\n\t\t\t\t<div class=\"elementor-element elementor-element-20005d3 elementor-invisible elementor-widget elementor-widget-text-editor\" data-id=\"20005d3\" data-element_type=\"widget\" data-e-type=\"widget\" data-settings=\"{&quot;_animation&quot;:&quot;fadeIn&quot;}\" data-widget_type=\"text-editor.default\">\n\t\t\t\t<div class=\"elementor-widget-container\">\n\t\t\t\t\t\t\t\t\t<p><strong>Degustimet:<\/strong><\/p><p class=\"translation-block\">The door of our winery is open to all visitors and wine lovers who want to visit the place where our<br>wines are made and enjoy wine tasting in the pleasant ambience of our tasting room.<br>We offer the following types of wine tastings:<\/p>\t\t\t\t\t\t\t\t<\/div>\n\t\t\t\t<\/div>\n\t\t\t\t<div class=\"elementor-element elementor-element-11390843 elementor-invisible elementor-widget elementor-widget-text-editor\" data-id=\"11390843\" data-element_type=\"widget\" data-e-type=\"widget\" data-settings=\"{&quot;_animation&quot;:&quot;fadeIn&quot;}\" data-widget_type=\"text-editor.default\">\n\t\t\t\t<div class=\"elementor-widget-container\">\n\t\t\t\t\t\t\t\t\t<p><strong>Degustimi themelor i ver\u00ebs:<\/strong><\/p><p class=\"translation-block\">\u2022Kontrollimi i kantin\u00ebs me hyrjen n\u00eb procesin e prodhimit\n\u2022Degustimi i 7 llojeve t\u00eb ver\u00ebrave t\u00eb shoq\u00ebruar me meze (buk\u00eb sht\u00ebpie, djath\u00eb, p\u00ebrzgjedhja e produkteve t\u00eb mishit t\u00eb that\u00eb) n\u00eb dhom\u00ebn e degustimit<\/p>\t\t\t\t\t\t\t\t<\/div>\n\t\t\t\t<\/div>\n\t\t\t\t<div class=\"elementor-element elementor-element-6018616b elementor-invisible elementor-widget elementor-widget-text-editor\" data-id=\"6018616b\" data-element_type=\"widget\" data-e-type=\"widget\" data-settings=\"{&quot;_animation&quot;:&quot;fadeIn&quot;}\" data-widget_type=\"text-editor.default\">\n\t\t\t\t<div class=\"elementor-widget-container\">\n\t\t\t\t\t\t\t\t\t<p><strong>Degustimi i ver\u00ebs me shujt\u00eb:<\/strong><\/p><p>\u2022Kontrollimi i kantin\u00ebs me hyrjen n\u00eb procesin e prodhimit<br \/>\u2022Degustimi i 7 llojeve t\u00eb ver\u00ebrave me drek\u00eb (parahaje, ushqimi kryesor, \u00ebmb\u00eblsira) n\u00eb dhom\u00ebn e degustimit<\/p><p>Turneu i ver\u00ebs dhe degustimi i ver\u00ebs mbahen nga udh\u00ebzuesi profesional, n\u00eb gjuh\u00ebn maqedonase dhe angleze.<\/p><p>P\u00ebr informata dhe rezervime:<\/p>\t\t\t\t\t\t\t\t<\/div>\n\t\t\t\t<\/div>\n\t\t\t\t<div class=\"elementor-element elementor-element-6cb977c1 elementor-invisible elementor-widget elementor-widget-image\" data-id=\"6cb977c1\" data-element_type=\"widget\" data-e-type=\"widget\" data-settings=\"{&quot;_animation&quot;:&quot;fadeIn&quot;}\" data-widget_type=\"image.default\">\n\t\t\t\t<div class=\"elementor-widget-container\">\n\t\t\t\t\t\t\t\t\t\t\t\t\t\t\t<img decoding=\"async\" width=\"1639\" height=\"1099\" src=\"https:\/\/www.grozd.mk\/wp-content\/uploads\/2021\/07\/10293805_1548203722078109_6432116219793483745_o.jpg\" class=\"attachment-full size-full wp-image-67\" alt=\"\" srcset=\"https:\/\/www.grozd.mk\/wp-content\/uploads\/2021\/07\/10293805_1548203722078109_6432116219793483745_o.jpg 1639w, https:\/\/www.grozd.mk\/wp-content\/uploads\/2021\/07\/10293805_1548203722078109_6432116219793483745_o-300x201.jpg 300w, https:\/\/www.grozd.mk\/wp-content\/uploads\/2021\/07\/10293805_1548203722078109_6432116219793483745_o-1024x687.jpg 1024w, https:\/\/www.grozd.mk\/wp-content\/uploads\/2021\/07\/10293805_1548203722078109_6432116219793483745_o-768x515.jpg 768w, https:\/\/www.grozd.mk\/wp-content\/uploads\/2021\/07\/10293805_1548203722078109_6432116219793483745_o-1536x1030.jpg 1536w\" sizes=\"(max-width: 1639px) 100vw, 1639px\" \/>\t\t\t\t\t\t\t\t\t\t\t\t\t\t\t<\/div>\n\t\t\t\t<\/div>\n\t\t\t\t<div class=\"elementor-element elementor-element-7469aef0 elementor-widget elementor-widget-image\" data-id=\"7469aef0\" data-element_type=\"widget\" data-e-type=\"widget\" data-widget_type=\"image.default\">\n\t\t\t\t<div class=\"elementor-widget-container\">\n\t\t\t\t\t\t\t\t\t\t\t\t\t\t\t\t<a href=\"#home\">\n\t\t\t\t\t\t\t<img loading=\"lazy\" decoding=\"async\" width=\"31\" height=\"74\" src=\"https:\/\/www.grozd.mk\/wp-content\/uploads\/2021\/07\/Scroll-Down-1.png\" class=\"attachment-thumbnail size-thumbnail wp-image-23\" alt=\"\" \/>\t\t\t\t\t\t\t\t<\/a>\n\t\t\t\t\t\t\t\t\t\t\t\t\t\t\t<\/div>\n\t\t\t\t<\/div>\n\t\t\t\t\t<\/div>\n\t\t<\/div>\n\t\t\t\t\t<\/div>\n\t\t<\/section>\n\t\t\t\t<\/div>","protected":false},"excerpt":{"rendered":"<p>Visit Us Visit Us And Be Our Guest There are several reasons why you should visit us: On the one hand because of our wines, on the other hand we open the basement doors and give interested clients, friends and companions a &#8220;behind the scenes&#8221; view. Tastings: The door of our winery is open to [&hellip;]<\/p>\n","protected":false},"author":1,"featured_media":0,"parent":0,"menu_order":0,"comment_status":"closed","ping_status":"closed","template":"elementor_header_footer","meta":{"footnotes":""},"class_list":["post-11","page","type-page","status-publish","hentry"],"yoast_head":"<!-- This site is optimized with the Yoast SEO plugin v27.5 - https:\/\/yoast.com\/product\/yoast-seo-wordpress\/ -->\n<title>Visit Us - Grozd.mk<\/title>\n<meta name=\"robots\" content=\"index, follow, max-snippet:-1, max-image-preview:large, max-video-preview:-1\" \/>\n<link rel=\"canonical\" href=\"https:\/\/grozd.mk\/mk\/visit-us\/\" \/>\n<meta property=\"og:locale\" content=\"sq_AL\" \/>\n<meta property=\"og:type\" content=\"article\" \/>\n<meta property=\"og:title\" content=\"Visit Us - Grozd.mk\" \/>\n<meta property=\"og:description\" content=\"Visit Us Visit Us And Be Our Guest There are several reasons why you should visit us: On the one hand because of our wines, on the other hand we open the basement doors and give interested clients, friends and companions a &#8220;behind the scenes&#8221; view. Tastings: The door of our winery is open to [&hellip;]\" \/>\n<meta property=\"og:url\" content=\"https:\/\/grozd.mk\/mk\/visit-us\/\" \/>\n<meta property=\"og:site_name\" content=\"Grozd.mk\" \/>\n<meta property=\"article:modified_time\" content=\"2022-01-31T22:57:13+00:00\" \/>\n<meta property=\"og:image\" content=\"https:\/\/grozd.mk\/wp-content\/uploads\/2021\/07\/Scroll-Down.png\" \/>\n<meta name=\"twitter:card\" content=\"summary_large_image\" \/>\n<meta name=\"twitter:label1\" content=\"Est. reading time\" \/>\n\t<meta name=\"twitter:data1\" content=\"2 minuta\" \/>\n<script type=\"application\/ld+json\" class=\"yoast-schema-graph\">{\"@context\":\"https:\\\/\\\/schema.org\",\"@graph\":[{\"@type\":\"WebPage\",\"@id\":\"https:\\\/\\\/grozd.mk\\\/mk\\\/visit-us\\\/\",\"url\":\"https:\\\/\\\/grozd.mk\\\/mk\\\/visit-us\\\/\",\"name\":\"Visit Us - Grozd.mk\",\"isPartOf\":{\"@id\":\"https:\\\/\\\/grozd.mk\\\/#website\"},\"primaryImageOfPage\":{\"@id\":\"https:\\\/\\\/grozd.mk\\\/mk\\\/visit-us\\\/#primaryimage\"},\"image\":{\"@id\":\"https:\\\/\\\/grozd.mk\\\/mk\\\/visit-us\\\/#primaryimage\"},\"thumbnailUrl\":\"https:\\\/\\\/www.grozd.mk\\\/wp-content\\\/uploads\\\/2021\\\/07\\\/Scroll-Down.png\",\"datePublished\":\"2021-07-31T21:59:31+00:00\",\"dateModified\":\"2022-01-31T22:57:13+00:00\",\"breadcrumb\":{\"@id\":\"https:\\\/\\\/grozd.mk\\\/mk\\\/visit-us\\\/#breadcrumb\"},\"inLanguage\":\"sq\",\"potentialAction\":[{\"@type\":\"ReadAction\",\"target\":[\"https:\\\/\\\/grozd.mk\\\/mk\\\/visit-us\\\/\"]}]},{\"@type\":\"ImageObject\",\"inLanguage\":\"sq\",\"@id\":\"https:\\\/\\\/grozd.mk\\\/mk\\\/visit-us\\\/#primaryimage\",\"url\":\"https:\\\/\\\/www.grozd.mk\\\/wp-content\\\/uploads\\\/2021\\\/07\\\/Scroll-Down.png\",\"contentUrl\":\"https:\\\/\\\/www.grozd.mk\\\/wp-content\\\/uploads\\\/2021\\\/07\\\/Scroll-Down.png\"},{\"@type\":\"BreadcrumbList\",\"@id\":\"https:\\\/\\\/grozd.mk\\\/mk\\\/visit-us\\\/#breadcrumb\",\"itemListElement\":[{\"@type\":\"ListItem\",\"position\":1,\"name\":\"Home\",\"item\":\"https:\\\/\\\/grozd.mk\\\/\"},{\"@type\":\"ListItem\",\"position\":2,\"name\":\"Visit Us\"}]},{\"@type\":\"WebSite\",\"@id\":\"https:\\\/\\\/grozd.mk\\\/#website\",\"url\":\"https:\\\/\\\/grozd.mk\\\/\",\"name\":\"Grozd.mk\",\"description\":\"Grozd.mk\",\"potentialAction\":[{\"@type\":\"SearchAction\",\"target\":{\"@type\":\"EntryPoint\",\"urlTemplate\":\"https:\\\/\\\/grozd.mk\\\/?s={search_term_string}\"},\"query-input\":{\"@type\":\"PropertyValueSpecification\",\"valueRequired\":true,\"valueName\":\"search_term_string\"}}],\"inLanguage\":\"sq\"}]}<\/script>\n<!-- \/ Yoast SEO plugin. -->","yoast_head_json":{"title":"Visit Us - Grozd.mk","robots":{"index":"index","follow":"follow","max-snippet":"max-snippet:-1","max-image-preview":"max-image-preview:large","max-video-preview":"max-video-preview:-1"},"canonical":"https:\/\/grozd.mk\/mk\/visit-us\/","og_locale":"sq_AL","og_type":"article","og_title":"Visit Us - Grozd.mk","og_description":"Visit Us Visit Us And Be Our Guest There are several reasons why you should visit us: On the one hand because of our wines, on the other hand we open the basement doors and give interested clients, friends and companions a &#8220;behind the scenes&#8221; view. Tastings: The door of our winery is open to [&hellip;]","og_url":"https:\/\/grozd.mk\/mk\/visit-us\/","og_site_name":"Grozd.mk","article_modified_time":"2022-01-31T22:57:13+00:00","og_image":[{"url":"https:\/\/grozd.mk\/wp-content\/uploads\/2021\/07\/Scroll-Down.png","type":"","width":"","height":""}],"twitter_card":"summary_large_image","twitter_misc":{"Est. reading time":"2 minuta"},"schema":{"@context":"https:\/\/schema.org","@graph":[{"@type":"WebPage","@id":"https:\/\/grozd.mk\/mk\/visit-us\/","url":"https:\/\/grozd.mk\/mk\/visit-us\/","name":"Visit Us - Grozd.mk","isPartOf":{"@id":"https:\/\/grozd.mk\/#website"},"primaryImageOfPage":{"@id":"https:\/\/grozd.mk\/mk\/visit-us\/#primaryimage"},"image":{"@id":"https:\/\/grozd.mk\/mk\/visit-us\/#primaryimage"},"thumbnailUrl":"https:\/\/www.grozd.mk\/wp-content\/uploads\/2021\/07\/Scroll-Down.png","datePublished":"2021-07-31T21:59:31+00:00","dateModified":"2022-01-31T22:57:13+00:00","breadcrumb":{"@id":"https:\/\/grozd.mk\/mk\/visit-us\/#breadcrumb"},"inLanguage":"sq","potentialAction":[{"@type":"ReadAction","target":["https:\/\/grozd.mk\/mk\/visit-us\/"]}]},{"@type":"ImageObject","inLanguage":"sq","@id":"https:\/\/grozd.mk\/mk\/visit-us\/#primaryimage","url":"https:\/\/www.grozd.mk\/wp-content\/uploads\/2021\/07\/Scroll-Down.png","contentUrl":"https:\/\/www.grozd.mk\/wp-content\/uploads\/2021\/07\/Scroll-Down.png"},{"@type":"BreadcrumbList","@id":"https:\/\/grozd.mk\/mk\/visit-us\/#breadcrumb","itemListElement":[{"@type":"ListItem","position":1,"name":"Home","item":"https:\/\/grozd.mk\/"},{"@type":"ListItem","position":2,"name":"Visit Us"}]},{"@type":"WebSite","@id":"https:\/\/grozd.mk\/#website","url":"https:\/\/grozd.mk\/","name":"Grozd.mk","description":"Grozd.mk","potentialAction":[{"@type":"SearchAction","target":{"@type":"EntryPoint","urlTemplate":"https:\/\/grozd.mk\/?s={search_term_string}"},"query-input":{"@type":"PropertyValueSpecification","valueRequired":true,"valueName":"search_term_string"}}],"inLanguage":"sq"}]}},"jetpack_sharing_enabled":true,"_links":{"self":[{"href":"https:\/\/www.grozd.mk\/sq\/wp-json\/wp\/v2\/pages\/11","targetHints":{"allow":["GET"]}}],"collection":[{"href":"https:\/\/www.grozd.mk\/sq\/wp-json\/wp\/v2\/pages"}],"about":[{"href":"https:\/\/www.grozd.mk\/sq\/wp-json\/wp\/v2\/types\/page"}],"author":[{"embeddable":true,"href":"https:\/\/www.grozd.mk\/sq\/wp-json\/wp\/v2\/users\/1"}],"replies":[{"embeddable":true,"href":"https:\/\/www.grozd.mk\/sq\/wp-json\/wp\/v2\/comments?post=11"}],"version-history":[{"count":0,"href":"https:\/\/www.grozd.mk\/sq\/wp-json\/wp\/v2\/pages\/11\/revisions"}],"wp:attachment":[{"href":"https:\/\/www.grozd.mk\/sq\/wp-json\/wp\/v2\/media?parent=11"}],"curies":[{"name":"wp","href":"https:\/\/api.w.org\/{rel}","templated":true}]}}