{"id":106,"date":"2021-07-31T22:48:42","date_gmt":"2021-07-31T22:48:42","guid":{"rendered":"https:\/\/www.grozd.mk\/?page_id=106"},"modified":"2021-08-28T14:18:10","modified_gmt":"2021-08-28T14:18:10","slug":"about","status":"publish","type":"page","link":"https:\/\/www.grozd.mk\/sq\/grozd\/about\/","title":{"rendered":"About"},"content":{"rendered":"<div data-elementor-type=\"wp-page\" data-elementor-id=\"106\" class=\"elementor elementor-106\" data-elementor-settings=\"{&quot;element_pack_global_tooltip_width&quot;:{&quot;unit&quot;:&quot;px&quot;,&quot;size&quot;:&quot;&quot;,&quot;sizes&quot;:[]},&quot;element_pack_global_tooltip_width_tablet&quot;:{&quot;unit&quot;:&quot;px&quot;,&quot;size&quot;:&quot;&quot;,&quot;sizes&quot;:[]},&quot;element_pack_global_tooltip_width_mobile&quot;:{&quot;unit&quot;:&quot;px&quot;,&quot;size&quot;:&quot;&quot;,&quot;sizes&quot;:[]},&quot;element_pack_global_tooltip_padding&quot;:{&quot;unit&quot;:&quot;px&quot;,&quot;top&quot;:&quot;&quot;,&quot;right&quot;:&quot;&quot;,&quot;bottom&quot;:&quot;&quot;,&quot;left&quot;:&quot;&quot;,&quot;isLinked&quot;:true},&quot;element_pack_global_tooltip_padding_tablet&quot;:{&quot;unit&quot;:&quot;px&quot;,&quot;top&quot;:&quot;&quot;,&quot;right&quot;:&quot;&quot;,&quot;bottom&quot;:&quot;&quot;,&quot;left&quot;:&quot;&quot;,&quot;isLinked&quot;:true},&quot;element_pack_global_tooltip_padding_mobile&quot;:{&quot;unit&quot;:&quot;px&quot;,&quot;top&quot;:&quot;&quot;,&quot;right&quot;:&quot;&quot;,&quot;bottom&quot;:&quot;&quot;,&quot;left&quot;:&quot;&quot;,&quot;isLinked&quot;:true},&quot;element_pack_global_tooltip_border_radius&quot;:{&quot;unit&quot;:&quot;px&quot;,&quot;top&quot;:&quot;&quot;,&quot;right&quot;:&quot;&quot;,&quot;bottom&quot;:&quot;&quot;,&quot;left&quot;:&quot;&quot;,&quot;isLinked&quot;:true},&quot;element_pack_global_tooltip_border_radius_tablet&quot;:{&quot;unit&quot;:&quot;px&quot;,&quot;top&quot;:&quot;&quot;,&quot;right&quot;:&quot;&quot;,&quot;bottom&quot;:&quot;&quot;,&quot;left&quot;:&quot;&quot;,&quot;isLinked&quot;:true},&quot;element_pack_global_tooltip_border_radius_mobile&quot;:{&quot;unit&quot;:&quot;px&quot;,&quot;top&quot;:&quot;&quot;,&quot;right&quot;:&quot;&quot;,&quot;bottom&quot;:&quot;&quot;,&quot;left&quot;:&quot;&quot;,&quot;isLinked&quot;:true}}\" data-elementor-post-type=\"page\">\n\t\t\t\t\t\t<section class=\"elementor-section elementor-top-section elementor-element elementor-element-b08e85a elementor-section-height-min-height elementor-section-items-top elementor-section-boxed elementor-section-height-default\" data-id=\"b08e85a\" data-element_type=\"section\" data-e-type=\"section\" data-settings=\"{&quot;background_background&quot;:&quot;classic&quot;}\">\n\t\t\t\t\t\t<div class=\"elementor-container elementor-column-gap-no\">\n\t\t\t\t\t<div class=\"elementor-column elementor-col-50 elementor-top-column elementor-element elementor-element-7fd4c44\" data-id=\"7fd4c44\" data-element_type=\"column\" data-e-type=\"column\">\n\t\t\t<div class=\"elementor-widget-wrap elementor-element-populated\">\n\t\t\t\t\t\t<div class=\"elementor-element elementor-element-1d365bc elementor-widget elementor-widget-image\" data-id=\"1d365bc\" data-element_type=\"widget\" data-e-type=\"widget\" data-widget_type=\"image.default\">\n\t\t\t\t<div class=\"elementor-widget-container\">\n\t\t\t\t\t\t\t\t\t\t\t\t\t\t\t<img decoding=\"async\" width=\"135\" height=\"223\" src=\"https:\/\/www.grozd.mk\/wp-content\/uploads\/2021\/07\/since-1953-1.png\" class=\"attachment-large size-large wp-image-195\" alt=\"\" \/>\t\t\t\t\t\t\t\t\t\t\t\t\t\t\t<\/div>\n\t\t\t\t<\/div>\n\t\t\t\t\t<\/div>\n\t\t<\/div>\n\t\t\t\t<div class=\"elementor-column elementor-col-50 elementor-top-column elementor-element elementor-element-1990a82\" data-id=\"1990a82\" data-element_type=\"column\" data-e-type=\"column\">\n\t\t\t<div class=\"elementor-widget-wrap elementor-element-populated\">\n\t\t\t\t\t\t<div class=\"elementor-element elementor-element-a464833 elementor-widget elementor-widget-heading\" data-id=\"a464833\" data-element_type=\"widget\" data-e-type=\"widget\" data-settings=\"{&quot;_animation&quot;:&quot;none&quot;}\" data-widget_type=\"heading.default\">\n\t\t\t\t<div class=\"elementor-widget-container\">\n\t\t\t\t\t<h2 class=\"elementor-heading-title elementor-size-default\">Me tradit\u00eb drejt s\u00eb<\/h2>\t\t\t\t<\/div>\n\t\t\t\t<\/div>\n\t\t\t\t\t<\/div>\n\t\t<\/div>\n\t\t\t\t\t<\/div>\n\t\t<\/section>\n\t\t\t\t<section class=\"elementor-section elementor-top-section elementor-element elementor-element-1ed8681 elementor-section-boxed elementor-section-height-default elementor-section-height-default\" data-id=\"1ed8681\" data-element_type=\"section\" data-e-type=\"section\">\n\t\t\t\t\t\t<div class=\"elementor-container elementor-column-gap-no\">\n\t\t\t\t\t<div class=\"elementor-column elementor-col-100 elementor-top-column elementor-element elementor-element-6b4e83d\" data-id=\"6b4e83d\" data-element_type=\"column\" data-e-type=\"column\">\n\t\t\t<div class=\"elementor-widget-wrap elementor-element-populated\">\n\t\t\t\t\t\t<div class=\"elementor-element elementor-element-7568720 elementor-invisible elementor-widget elementor-widget-image\" data-id=\"7568720\" data-element_type=\"widget\" data-e-type=\"widget\" data-settings=\"{&quot;_animation&quot;:&quot;flash&quot;}\" data-widget_type=\"image.default\">\n\t\t\t\t<div class=\"elementor-widget-container\">\n\t\t\t\t\t\t\t\t\t\t\t\t\t\t\t\t<a href=\"#about\">\n\t\t\t\t\t\t\t<img decoding=\"async\" width=\"31\" height=\"74\" src=\"https:\/\/www.grozd.mk\/wp-content\/uploads\/2021\/08\/Scroll-Down.png\" class=\"attachment-thumbnail size-thumbnail wp-image-271\" alt=\"\" \/>\t\t\t\t\t\t\t\t<\/a>\n\t\t\t\t\t\t\t\t\t\t\t\t\t\t\t<\/div>\n\t\t\t\t<\/div>\n\t\t\t\t\t<\/div>\n\t\t<\/div>\n\t\t\t\t\t<\/div>\n\t\t<\/section>\n\t\t\t\t<section class=\"elementor-section elementor-top-section elementor-element elementor-element-b0ab48d elementor-section-boxed elementor-section-height-default elementor-section-height-default\" data-id=\"b0ab48d\" data-element_type=\"section\" data-e-type=\"section\" id=\"about\">\n\t\t\t\t\t\t<div class=\"elementor-container elementor-column-gap-default\">\n\t\t\t\t\t<div class=\"elementor-column elementor-col-100 elementor-top-column elementor-element elementor-element-92a6614\" data-id=\"92a6614\" data-element_type=\"column\" data-e-type=\"column\">\n\t\t\t<div class=\"elementor-widget-wrap elementor-element-populated\">\n\t\t\t\t\t\t<div class=\"elementor-element elementor-element-82b09c7 elementor-widget elementor-widget-heading\" data-id=\"82b09c7\" data-element_type=\"widget\" data-e-type=\"widget\" data-widget_type=\"heading.default\">\n\t\t\t\t<div class=\"elementor-widget-container\">\n\t\t\t\t\t<h2 class=\"elementor-heading-title elementor-size-default\">Mbi Grozd<\/h2>\t\t\t\t<\/div>\n\t\t\t\t<\/div>\n\t\t\t\t<div class=\"elementor-element elementor-element-d625e41 elementor-widget elementor-widget-heading\" data-id=\"d625e41\" data-element_type=\"widget\" data-e-type=\"widget\" data-widget_type=\"heading.default\">\n\t\t\t\t<div class=\"elementor-widget-container\">\n\t\t\t\t\t<h2 class=\"elementor-heading-title elementor-size-default\">SHA Grozd Strumic\u00eb ishte formuar m\u00eb 18.03.1953 me vendim t\u00eb K\u00ebshillit Popullor t\u00eb Qarkut si nd\u00ebrmarrje p\u00ebr prodhimin dhe tregtimin e pijeve alkoolike dhe joalkoolike. Ekziston p\u00ebr gati 70 vjet dhe e vazhdon tradit\u00ebn e pjekjes s\u00eb Mastik\u00ebs s\u00eb Strumic\u00ebs t\u00eb njohur p\u00ebr m\u00eb shum\u00eb se 300 vjet.\n<\/h2>\t\t\t\t<\/div>\n\t\t\t\t<\/div>\n\t\t\t\t<div class=\"elementor-element elementor-element-ba17e8b elementor-widget elementor-widget-image\" data-id=\"ba17e8b\" data-element_type=\"widget\" data-e-type=\"widget\" data-widget_type=\"image.default\">\n\t\t\t\t<div class=\"elementor-widget-container\">\n\t\t\t\t\t\t\t\t\t\t\t\t\t\t\t<img fetchpriority=\"high\" decoding=\"async\" width=\"1652\" height=\"1102\" src=\"https:\/\/www.grozd.mk\/wp-content\/uploads\/2021\/08\/Karos-Photography-0251.jpg\" class=\"attachment-full size-full wp-image-236\" alt=\"\" srcset=\"https:\/\/www.grozd.mk\/wp-content\/uploads\/2021\/08\/Karos-Photography-0251.jpg 1652w, https:\/\/www.grozd.mk\/wp-content\/uploads\/2021\/08\/Karos-Photography-0251-300x200.jpg 300w, https:\/\/www.grozd.mk\/wp-content\/uploads\/2021\/08\/Karos-Photography-0251-1024x683.jpg 1024w, https:\/\/www.grozd.mk\/wp-content\/uploads\/2021\/08\/Karos-Photography-0251-768x512.jpg 768w, https:\/\/www.grozd.mk\/wp-content\/uploads\/2021\/08\/Karos-Photography-0251-1536x1025.jpg 1536w\" sizes=\"(max-width: 1652px) 100vw, 1652px\" \/>\t\t\t\t\t\t\t\t\t\t\t\t\t\t\t<\/div>\n\t\t\t\t<\/div>\n\t\t\t\t\t<\/div>\n\t\t<\/div>\n\t\t\t\t\t<\/div>\n\t\t<\/section>\n\t\t\t\t<section class=\"elementor-section elementor-top-section elementor-element elementor-element-5bb107a elementor-section-boxed elementor-section-height-default elementor-section-height-default\" data-id=\"5bb107a\" data-element_type=\"section\" data-e-type=\"section\">\n\t\t\t\t\t\t<div class=\"elementor-container elementor-column-gap-default\">\n\t\t\t\t\t<div class=\"elementor-column elementor-col-100 elementor-top-column elementor-element elementor-element-048bdc6\" data-id=\"048bdc6\" data-element_type=\"column\" data-e-type=\"column\">\n\t\t\t<div class=\"elementor-widget-wrap elementor-element-populated\">\n\t\t\t\t\t\t<div class=\"elementor-element elementor-element-8d09214 elementor-widget elementor-widget-heading\" data-id=\"8d09214\" data-element_type=\"widget\" data-e-type=\"widget\" data-widget_type=\"heading.default\">\n\t\t\t\t<div class=\"elementor-widget-container\">\n\t\t\t\t\t<h2 class=\"elementor-heading-title elementor-size-default\">Grozd Strumic\u00eb \u00ebsht\u00eb e organizuar si shoq\u00ebri aksionare n\u00eb pron\u00ebsi private me aktivitetin kryesor t\u00eb prodhimit dhe qarkullimit t\u00eb pijeve alkoolike dhe joalkoolike me cil\u00ebsi t\u00eb lart\u00eb dhe tradit\u00eb t\u00eb pasur.\nVIZIONI i SHA GROZD STRUMIC\u00cb \u00ebsht\u00eb p\u00ebrmir\u00ebsimi i vazhduesh\u00ebm i pozicioneve n\u00eb tregun vendas dhe t\u00eb huaj dhe fitimin e epitetit t\u00eb organizimit - prodhuesi i pijeve t\u00eb gazuara joalkoolike me cil\u00ebsi m\u00eb t\u00eb lart\u00eb dhe prodhuesi i Mastik\u00ebs s\u00eb Strumic\u00ebs.<\/h2>\t\t\t\t<\/div>\n\t\t\t\t<\/div>\n\t\t\t\t<div class=\"elementor-element elementor-element-683aa45 elementor-widget elementor-widget-heading\" data-id=\"683aa45\" data-element_type=\"widget\" data-e-type=\"widget\" data-widget_type=\"heading.default\">\n\t\t\t\t<div class=\"elementor-widget-container\">\n\t\t\t\t\t<h2 class=\"elementor-heading-title elementor-size-default\">PRODHIMI<\/h2>\t\t\t\t<\/div>\n\t\t\t\t<\/div>\n\t\t\t\t<div class=\"elementor-element elementor-element-3990ba0 elementor-widget elementor-widget-heading\" data-id=\"3990ba0\" data-element_type=\"widget\" data-e-type=\"widget\" data-widget_type=\"heading.default\">\n\t\t\t\t<div class=\"elementor-widget-container\">\n\t\t\t\t\t<h2 class=\"elementor-heading-title elementor-size-default\">I gjith\u00eb prodhimi i SHA Grozd Strumic\u00eb kryhet n\u00eb kushte t\u00eb kontrolluara n\u00eb m\u00ebnyr\u00eb rigoroze n\u00eb p\u00ebrputhje me rregullat e sistemeve t\u00eb zbatuara t\u00eb menaxhimit t\u00eb cil\u00ebsis\u00eb dhe mjedisit t\u00eb sh\u00ebndetsh\u00ebm jet\u00ebsor. Kjo p\u00ebrfshin higjien\u00eb t\u00eb jasht\u00ebzakonshme, analiza laboratorike n\u00eb p\u00ebrputhje me rregullat e b\u00ebra n\u00eb laboratorin\u00eb ton\u00eb dhe analiza t\u00eb her\u00ebpashershme nga laboratorit\u00eb e akredituar.\n<\/h2>\t\t\t\t<\/div>\n\t\t\t\t<\/div>\n\t\t\t\t<div class=\"elementor-element elementor-element-93af9e2 elementor-widget elementor-widget-image\" data-id=\"93af9e2\" data-element_type=\"widget\" data-e-type=\"widget\" data-widget_type=\"image.default\">\n\t\t\t\t<div class=\"elementor-widget-container\">\n\t\t\t\t\t\t\t\t\t\t\t\t\t\t\t<img loading=\"lazy\" decoding=\"async\" width=\"1652\" height=\"1111\" src=\"https:\/\/www.grozd.mk\/wp-content\/uploads\/2021\/08\/Rectangle-42.jpg\" class=\"attachment-full size-full wp-image-234\" alt=\"\" srcset=\"https:\/\/www.grozd.mk\/wp-content\/uploads\/2021\/08\/Rectangle-42.jpg 1652w, https:\/\/www.grozd.mk\/wp-content\/uploads\/2021\/08\/Rectangle-42-300x202.jpg 300w, https:\/\/www.grozd.mk\/wp-content\/uploads\/2021\/08\/Rectangle-42-1024x689.jpg 1024w, https:\/\/www.grozd.mk\/wp-content\/uploads\/2021\/08\/Rectangle-42-768x516.jpg 768w, https:\/\/www.grozd.mk\/wp-content\/uploads\/2021\/08\/Rectangle-42-1536x1033.jpg 1536w\" sizes=\"(max-width: 1652px) 100vw, 1652px\" \/>\t\t\t\t\t\t\t\t\t\t\t\t\t\t\t<\/div>\n\t\t\t\t<\/div>\n\t\t\t\t<div class=\"elementor-element elementor-element-4ba1b0c elementor-widget elementor-widget-heading\" data-id=\"4ba1b0c\" data-element_type=\"widget\" data-e-type=\"widget\" data-widget_type=\"heading.default\">\n\t\t\t\t<div class=\"elementor-widget-container\">\n\t\t\t\t\t<h2 class=\"elementor-heading-title elementor-size-default\">\nPra, prodhimi zhvillohet n\u00eb 2 impiante ku pijet joalkoolike prodhohen n\u00eb ambalazh qelqi dhe PET ambalazh, si dhe impianti p\u00ebr pjekjen dhe mbushjen e Mastik\u00ebs s\u00eb Strumic\u00ebs.\nN\u00eb vitin 2016, SHA Grozd investoi n\u00eb fabrik\u00eb t\u00eb re \"state to art\" t\u00eb nd\u00ebrtuar n\u00eb p\u00ebrputhje me standardet bot\u00ebrore dhe teknologjin\u00eb m\u00eb t\u00eb lart\u00eb p\u00ebr prodhimin e pijeve joalkoolike.<\/h2>\t\t\t\t<\/div>\n\t\t\t\t<\/div>\n\t\t\t\t<div class=\"elementor-element elementor-element-bc7d8b3 elementor-widget elementor-widget-heading\" data-id=\"bc7d8b3\" data-element_type=\"widget\" data-e-type=\"widget\" data-widget_type=\"heading.default\">\n\t\t\t\t<div class=\"elementor-widget-container\">\n\t\t\t\t\t<h2 class=\"elementor-heading-title elementor-size-default\">SELIA<\/h2>\t\t\t\t<\/div>\n\t\t\t\t<\/div>\n\t\t\t\t<div class=\"elementor-element elementor-element-9608a40 elementor-widget elementor-widget-heading\" data-id=\"9608a40\" data-element_type=\"widget\" data-e-type=\"widget\" data-widget_type=\"heading.default\">\n\t\t\t\t<div class=\"elementor-widget-container\">\n\t\t\t\t\t<h2 class=\"elementor-heading-title elementor-size-default\">SHA Grozd ndodhet n\u00eb pjes\u00ebn m\u00eb t\u00eb bukur t\u00eb qytetit t\u00eb Strumic\u00ebs, e rrethuar nga parku i qytetit.\n<\/h2>\t\t\t\t<\/div>\n\t\t\t\t<\/div>\n\t\t\t\t<div class=\"elementor-element elementor-element-b8b5b14 elementor-widget elementor-widget-google_maps\" data-id=\"b8b5b14\" data-element_type=\"widget\" data-e-type=\"widget\" data-widget_type=\"google_maps.default\">\n\t\t\t\t<div class=\"elementor-widget-container\">\n\t\t\t\t\t\t\t<div class=\"elementor-custom-embed\">\n\t\t\t<iframe loading=\"lazy\"\n\t\t\t\t\tsrc=\"https:\/\/maps.google.com\/maps?q=AD%20Grozd%20Strumica%2C%20Strumica&#038;t=m&#038;z=16&#038;output=embed&#038;iwloc=near\"\n\t\t\t\t\ttitle=\"AD Grozd Strumica, Strumica\"\n\t\t\t\t\taria-label=\"AD Grozd Strumica, Strumica\"\n\t\t\t><\/iframe>\n\t\t<\/div>\n\t\t\t\t\t\t<\/div>\n\t\t\t\t<\/div>\n\t\t\t\t\t<\/div>\n\t\t<\/div>\n\t\t\t\t\t<\/div>\n\t\t<\/section>\n\t\t\t\t<\/div>","protected":false},"excerpt":{"rendered":"<p>With a tradition towards the future. ABOUT GROZD AD Grozd Strumica was established on March 18, 1953 by a decision of the District People&#8217;s Board as an enterprise for production and trade of alcoholic and non-alcoholic beverages. It has existed for almost 70 years and continues the tradition of baking Strumicka Mastika known for more [&hellip;]<\/p>\n","protected":false},"author":1,"featured_media":0,"parent":97,"menu_order":0,"comment_status":"closed","ping_status":"closed","template":"elementor_header_footer","meta":{"footnotes":""},"class_list":["post-106","page","type-page","status-publish","hentry"],"yoast_head":"<!-- This site is optimized with the Yoast SEO plugin v27.5 - https:\/\/yoast.com\/product\/yoast-seo-wordpress\/ -->\n<title>About - Grozd.mk<\/title>\n<meta name=\"robots\" content=\"index, follow, max-snippet:-1, max-image-preview:large, max-video-preview:-1\" \/>\n<link rel=\"canonical\" href=\"https:\/\/grozd.mk\/grozd\/about\/\" \/>\n<meta property=\"og:locale\" content=\"sq_AL\" \/>\n<meta property=\"og:type\" content=\"article\" \/>\n<meta property=\"og:title\" content=\"About - Grozd.mk\" \/>\n<meta property=\"og:description\" content=\"With a tradition towards the future. ABOUT GROZD AD Grozd Strumica was established on March 18, 1953 by a decision of the District People&#8217;s Board as an enterprise for production and trade of alcoholic and non-alcoholic beverages. It has existed for almost 70 years and continues the tradition of baking Strumicka Mastika known for more [&hellip;]\" \/>\n<meta property=\"og:url\" content=\"https:\/\/grozd.mk\/grozd\/about\/\" \/>\n<meta property=\"og:site_name\" content=\"Grozd.mk\" \/>\n<meta property=\"article:modified_time\" content=\"2021-08-28T14:18:10+00:00\" \/>\n<meta property=\"og:image\" content=\"https:\/\/grozd.mk\/wp-content\/uploads\/2021\/07\/since-1953-1.png\" \/>\n<meta name=\"twitter:card\" content=\"summary_large_image\" \/>\n<meta name=\"twitter:label1\" content=\"Est. reading time\" \/>\n\t<meta name=\"twitter:data1\" content=\"1 minut\u00eb\" \/>\n<script type=\"application\/ld+json\" class=\"yoast-schema-graph\">{\"@context\":\"https:\\\/\\\/schema.org\",\"@graph\":[{\"@type\":\"WebPage\",\"@id\":\"https:\\\/\\\/grozd.mk\\\/grozd\\\/about\\\/\",\"url\":\"https:\\\/\\\/grozd.mk\\\/grozd\\\/about\\\/\",\"name\":\"About - Grozd.mk\",\"isPartOf\":{\"@id\":\"https:\\\/\\\/grozd.mk\\\/#website\"},\"primaryImageOfPage\":{\"@id\":\"https:\\\/\\\/grozd.mk\\\/grozd\\\/about\\\/#primaryimage\"},\"image\":{\"@id\":\"https:\\\/\\\/grozd.mk\\\/grozd\\\/about\\\/#primaryimage\"},\"thumbnailUrl\":\"https:\\\/\\\/www.grozd.mk\\\/wp-content\\\/uploads\\\/2021\\\/07\\\/since-1953-1.png\",\"datePublished\":\"2021-07-31T22:48:42+00:00\",\"dateModified\":\"2021-08-28T14:18:10+00:00\",\"breadcrumb\":{\"@id\":\"https:\\\/\\\/grozd.mk\\\/grozd\\\/about\\\/#breadcrumb\"},\"inLanguage\":\"sq\",\"potentialAction\":[{\"@type\":\"ReadAction\",\"target\":[\"https:\\\/\\\/grozd.mk\\\/grozd\\\/about\\\/\"]}]},{\"@type\":\"ImageObject\",\"inLanguage\":\"sq\",\"@id\":\"https:\\\/\\\/grozd.mk\\\/grozd\\\/about\\\/#primaryimage\",\"url\":\"https:\\\/\\\/www.grozd.mk\\\/wp-content\\\/uploads\\\/2021\\\/07\\\/since-1953-1.png\",\"contentUrl\":\"https:\\\/\\\/www.grozd.mk\\\/wp-content\\\/uploads\\\/2021\\\/07\\\/since-1953-1.png\"},{\"@type\":\"BreadcrumbList\",\"@id\":\"https:\\\/\\\/grozd.mk\\\/grozd\\\/about\\\/#breadcrumb\",\"itemListElement\":[{\"@type\":\"ListItem\",\"position\":1,\"name\":\"Home\",\"item\":\"https:\\\/\\\/grozd.mk\\\/\"},{\"@type\":\"ListItem\",\"position\":2,\"name\":\"Grozd\",\"item\":\"https:\\\/\\\/grozd.mk\\\/grozd\\\/\"},{\"@type\":\"ListItem\",\"position\":3,\"name\":\"About\"}]},{\"@type\":\"WebSite\",\"@id\":\"https:\\\/\\\/grozd.mk\\\/#website\",\"url\":\"https:\\\/\\\/grozd.mk\\\/\",\"name\":\"Grozd.mk\",\"description\":\"Grozd.mk\",\"potentialAction\":[{\"@type\":\"SearchAction\",\"target\":{\"@type\":\"EntryPoint\",\"urlTemplate\":\"https:\\\/\\\/grozd.mk\\\/?s={search_term_string}\"},\"query-input\":{\"@type\":\"PropertyValueSpecification\",\"valueRequired\":true,\"valueName\":\"search_term_string\"}}],\"inLanguage\":\"sq\"}]}<\/script>\n<!-- \/ Yoast SEO plugin. -->","yoast_head_json":{"title":"About - Grozd.mk","robots":{"index":"index","follow":"follow","max-snippet":"max-snippet:-1","max-image-preview":"max-image-preview:large","max-video-preview":"max-video-preview:-1"},"canonical":"https:\/\/grozd.mk\/grozd\/about\/","og_locale":"sq_AL","og_type":"article","og_title":"About - Grozd.mk","og_description":"With a tradition towards the future. ABOUT GROZD AD Grozd Strumica was established on March 18, 1953 by a decision of the District People&#8217;s Board as an enterprise for production and trade of alcoholic and non-alcoholic beverages. It has existed for almost 70 years and continues the tradition of baking Strumicka Mastika known for more [&hellip;]","og_url":"https:\/\/grozd.mk\/grozd\/about\/","og_site_name":"Grozd.mk","article_modified_time":"2021-08-28T14:18:10+00:00","og_image":[{"url":"https:\/\/grozd.mk\/wp-content\/uploads\/2021\/07\/since-1953-1.png","type":"","width":"","height":""}],"twitter_card":"summary_large_image","twitter_misc":{"Est. reading time":"1 minut\u00eb"},"schema":{"@context":"https:\/\/schema.org","@graph":[{"@type":"WebPage","@id":"https:\/\/grozd.mk\/grozd\/about\/","url":"https:\/\/grozd.mk\/grozd\/about\/","name":"About - Grozd.mk","isPartOf":{"@id":"https:\/\/grozd.mk\/#website"},"primaryImageOfPage":{"@id":"https:\/\/grozd.mk\/grozd\/about\/#primaryimage"},"image":{"@id":"https:\/\/grozd.mk\/grozd\/about\/#primaryimage"},"thumbnailUrl":"https:\/\/www.grozd.mk\/wp-content\/uploads\/2021\/07\/since-1953-1.png","datePublished":"2021-07-31T22:48:42+00:00","dateModified":"2021-08-28T14:18:10+00:00","breadcrumb":{"@id":"https:\/\/grozd.mk\/grozd\/about\/#breadcrumb"},"inLanguage":"sq","potentialAction":[{"@type":"ReadAction","target":["https:\/\/grozd.mk\/grozd\/about\/"]}]},{"@type":"ImageObject","inLanguage":"sq","@id":"https:\/\/grozd.mk\/grozd\/about\/#primaryimage","url":"https:\/\/www.grozd.mk\/wp-content\/uploads\/2021\/07\/since-1953-1.png","contentUrl":"https:\/\/www.grozd.mk\/wp-content\/uploads\/2021\/07\/since-1953-1.png"},{"@type":"BreadcrumbList","@id":"https:\/\/grozd.mk\/grozd\/about\/#breadcrumb","itemListElement":[{"@type":"ListItem","position":1,"name":"Home","item":"https:\/\/grozd.mk\/"},{"@type":"ListItem","position":2,"name":"Grozd","item":"https:\/\/grozd.mk\/grozd\/"},{"@type":"ListItem","position":3,"name":"About"}]},{"@type":"WebSite","@id":"https:\/\/grozd.mk\/#website","url":"https:\/\/grozd.mk\/","name":"Grozd.mk","description":"Grozd.mk","potentialAction":[{"@type":"SearchAction","target":{"@type":"EntryPoint","urlTemplate":"https:\/\/grozd.mk\/?s={search_term_string}"},"query-input":{"@type":"PropertyValueSpecification","valueRequired":true,"valueName":"search_term_string"}}],"inLanguage":"sq"}]}},"jetpack_sharing_enabled":true,"_links":{"self":[{"href":"https:\/\/www.grozd.mk\/sq\/wp-json\/wp\/v2\/pages\/106","targetHints":{"allow":["GET"]}}],"collection":[{"href":"https:\/\/www.grozd.mk\/sq\/wp-json\/wp\/v2\/pages"}],"about":[{"href":"https:\/\/www.grozd.mk\/sq\/wp-json\/wp\/v2\/types\/page"}],"author":[{"embeddable":true,"href":"https:\/\/www.grozd.mk\/sq\/wp-json\/wp\/v2\/users\/1"}],"replies":[{"embeddable":true,"href":"https:\/\/www.grozd.mk\/sq\/wp-json\/wp\/v2\/comments?post=106"}],"version-history":[{"count":0,"href":"https:\/\/www.grozd.mk\/sq\/wp-json\/wp\/v2\/pages\/106\/revisions"}],"up":[{"embeddable":true,"href":"https:\/\/www.grozd.mk\/sq\/wp-json\/wp\/v2\/pages\/97"}],"wp:attachment":[{"href":"https:\/\/www.grozd.mk\/sq\/wp-json\/wp\/v2\/media?parent=106"}],"curies":[{"name":"wp","href":"https:\/\/api.w.org\/{rel}","templated":true}]}}