{"id":100,"date":"2021-07-31T22:48:10","date_gmt":"2021-07-31T22:48:10","guid":{"rendered":"https:\/\/www.grozd.mk\/?page_id=100"},"modified":"2021-08-23T22:53:27","modified_gmt":"2021-08-23T22:53:27","slug":"mastika","status":"publish","type":"page","link":"https:\/\/www.grozd.mk\/sq\/grozd\/mastika\/","title":{"rendered":"Mastika"},"content":{"rendered":"<div data-elementor-type=\"wp-page\" data-elementor-id=\"100\" class=\"elementor elementor-100\" data-elementor-settings=\"{&quot;element_pack_global_tooltip_width&quot;:{&quot;unit&quot;:&quot;px&quot;,&quot;size&quot;:&quot;&quot;,&quot;sizes&quot;:[]},&quot;element_pack_global_tooltip_width_tablet&quot;:{&quot;unit&quot;:&quot;px&quot;,&quot;size&quot;:&quot;&quot;,&quot;sizes&quot;:[]},&quot;element_pack_global_tooltip_width_mobile&quot;:{&quot;unit&quot;:&quot;px&quot;,&quot;size&quot;:&quot;&quot;,&quot;sizes&quot;:[]},&quot;element_pack_global_tooltip_padding&quot;:{&quot;unit&quot;:&quot;px&quot;,&quot;top&quot;:&quot;&quot;,&quot;right&quot;:&quot;&quot;,&quot;bottom&quot;:&quot;&quot;,&quot;left&quot;:&quot;&quot;,&quot;isLinked&quot;:true},&quot;element_pack_global_tooltip_padding_tablet&quot;:{&quot;unit&quot;:&quot;px&quot;,&quot;top&quot;:&quot;&quot;,&quot;right&quot;:&quot;&quot;,&quot;bottom&quot;:&quot;&quot;,&quot;left&quot;:&quot;&quot;,&quot;isLinked&quot;:true},&quot;element_pack_global_tooltip_padding_mobile&quot;:{&quot;unit&quot;:&quot;px&quot;,&quot;top&quot;:&quot;&quot;,&quot;right&quot;:&quot;&quot;,&quot;bottom&quot;:&quot;&quot;,&quot;left&quot;:&quot;&quot;,&quot;isLinked&quot;:true},&quot;element_pack_global_tooltip_border_radius&quot;:{&quot;unit&quot;:&quot;px&quot;,&quot;top&quot;:&quot;&quot;,&quot;right&quot;:&quot;&quot;,&quot;bottom&quot;:&quot;&quot;,&quot;left&quot;:&quot;&quot;,&quot;isLinked&quot;:true},&quot;element_pack_global_tooltip_border_radius_tablet&quot;:{&quot;unit&quot;:&quot;px&quot;,&quot;top&quot;:&quot;&quot;,&quot;right&quot;:&quot;&quot;,&quot;bottom&quot;:&quot;&quot;,&quot;left&quot;:&quot;&quot;,&quot;isLinked&quot;:true},&quot;element_pack_global_tooltip_border_radius_mobile&quot;:{&quot;unit&quot;:&quot;px&quot;,&quot;top&quot;:&quot;&quot;,&quot;right&quot;:&quot;&quot;,&quot;bottom&quot;:&quot;&quot;,&quot;left&quot;:&quot;&quot;,&quot;isLinked&quot;:true}}\" data-elementor-post-type=\"page\">\n\t\t\t\t\t\t<section class=\"elementor-section elementor-top-section elementor-element elementor-element-b069ccf elementor-section-height-min-height elementor-section-items-top elementor-section-boxed elementor-section-height-default\" data-id=\"b069ccf\" data-element_type=\"section\" data-e-type=\"section\" data-settings=\"{&quot;background_background&quot;:&quot;classic&quot;}\">\n\t\t\t\t\t\t<div class=\"elementor-container elementor-column-gap-no\">\n\t\t\t\t\t<div class=\"elementor-column elementor-col-50 elementor-top-column elementor-element elementor-element-1b09f0d\" data-id=\"1b09f0d\" data-element_type=\"column\" data-e-type=\"column\">\n\t\t\t<div class=\"elementor-widget-wrap elementor-element-populated\">\n\t\t\t\t\t\t<div class=\"elementor-element elementor-element-ac2c000 elementor-widget elementor-widget-image\" data-id=\"ac2c000\" data-element_type=\"widget\" data-e-type=\"widget\" data-widget_type=\"image.default\">\n\t\t\t\t<div class=\"elementor-widget-container\">\n\t\t\t\t\t\t\t\t\t\t\t\t\t\t\t<img decoding=\"async\" width=\"135\" height=\"223\" src=\"https:\/\/www.grozd.mk\/wp-content\/uploads\/2021\/07\/since-1953-1.png\" class=\"attachment-large size-large wp-image-195\" alt=\"\" \/>\t\t\t\t\t\t\t\t\t\t\t\t\t\t\t<\/div>\n\t\t\t\t<\/div>\n\t\t\t\t\t<\/div>\n\t\t<\/div>\n\t\t\t\t<div class=\"elementor-column elementor-col-50 elementor-top-column elementor-element elementor-element-db1fa2d\" data-id=\"db1fa2d\" data-element_type=\"column\" data-e-type=\"column\">\n\t\t\t<div class=\"elementor-widget-wrap\">\n\t\t\t\t\t\t\t<\/div>\n\t\t<\/div>\n\t\t\t\t\t<\/div>\n\t\t<\/section>\n\t\t\t\t<section class=\"elementor-section elementor-top-section elementor-element elementor-element-ae02e17 elementor-section-boxed elementor-section-height-default elementor-section-height-default\" data-id=\"ae02e17\" data-element_type=\"section\" data-e-type=\"section\">\n\t\t\t\t\t\t<div class=\"elementor-container elementor-column-gap-default\">\n\t\t\t\t\t<div class=\"elementor-column elementor-col-100 elementor-top-column elementor-element elementor-element-65c6e1e\" data-id=\"65c6e1e\" data-element_type=\"column\" data-e-type=\"column\">\n\t\t\t<div class=\"elementor-widget-wrap elementor-element-populated\">\n\t\t\t\t\t\t<div class=\"elementor-element elementor-element-ca6ec00 elementor-widget elementor-widget-heading\" data-id=\"ca6ec00\" data-element_type=\"widget\" data-e-type=\"widget\" data-widget_type=\"heading.default\">\n\t\t\t\t<div class=\"elementor-widget-container\">\n\t\t\t\t\t<h2 class=\"elementor-heading-title elementor-size-default\">Mastika e Strumic\u00ebs<\/h2>\t\t\t\t<\/div>\n\t\t\t\t<\/div>\n\t\t\t\t<div class=\"elementor-element elementor-element-56635bf elementor-widget elementor-widget-heading\" data-id=\"56635bf\" data-element_type=\"widget\" data-e-type=\"widget\" data-widget_type=\"heading.default\">\n\t\t\t\t<div class=\"elementor-widget-container\">\n\t\t\t\t\t<h2 class=\"elementor-heading-title elementor-size-default\">Tashm\u00eb 300 vjet n\u00eb Rajonin e Strumic\u00ebs pihet Mastika e Strumic\u00ebs. Jemi krenar\u00eb q\u00eb kemi p\u00ebrgjegj\u00ebsin\u00eb p\u00ebr t\u00eb ruajtur tradit\u00ebn e prodhimit dhe sekretin e recet\u00ebs.\n\nMastika \u00ebsht\u00eb pije e fort\u00eb q\u00eb shijohet me shekuj. \u00cbsht\u00eb b\u00ebr\u00eb sipas recet\u00ebs q\u00eb daton nga shekulli i kat\u00ebrt para er\u00ebs s\u00eb re. Mastika m\u00eb e mir\u00eb prodhohet n\u00eb Rajonin e Strumic\u00ebs, i njohur gjer\u00ebsisht si prodhuesi i varieteteve t\u00eb rrushit me cil\u00ebsin\u00eb m\u00eb t\u00eb lart\u00eb. E pazakont\u00eb p\u00ebr t\u00eb tjer\u00ebt, Mastika e Strumic\u00ebs \u00ebsht\u00eb b\u00ebr\u00eb nga distilati i ver\u00ebs i b\u00ebr\u00eb nga varietetet e zgjedhura. <\/h2>\t\t\t\t<\/div>\n\t\t\t\t<\/div>\n\t\t\t\t<div class=\"elementor-element elementor-element-ecaf8ee elementor-widget elementor-widget-image\" data-id=\"ecaf8ee\" data-element_type=\"widget\" data-e-type=\"widget\" data-widget_type=\"image.default\">\n\t\t\t\t<div class=\"elementor-widget-container\">\n\t\t\t\t\t\t\t\t\t\t\t\t\t\t\t<img fetchpriority=\"high\" decoding=\"async\" width=\"1652\" height=\"1111\" src=\"https:\/\/www.grozd.mk\/wp-content\/uploads\/2021\/08\/Rectangle-148.jpg\" class=\"attachment-full size-full wp-image-283\" alt=\"\" srcset=\"https:\/\/www.grozd.mk\/wp-content\/uploads\/2021\/08\/Rectangle-148.jpg 1652w, https:\/\/www.grozd.mk\/wp-content\/uploads\/2021\/08\/Rectangle-148-300x202.jpg 300w, https:\/\/www.grozd.mk\/wp-content\/uploads\/2021\/08\/Rectangle-148-1024x689.jpg 1024w, https:\/\/www.grozd.mk\/wp-content\/uploads\/2021\/08\/Rectangle-148-768x516.jpg 768w, https:\/\/www.grozd.mk\/wp-content\/uploads\/2021\/08\/Rectangle-148-1536x1033.jpg 1536w\" sizes=\"(max-width: 1652px) 100vw, 1652px\" \/>\t\t\t\t\t\t\t\t\t\t\t\t\t\t\t<\/div>\n\t\t\t\t<\/div>\n\t\t\t\t<div class=\"elementor-element elementor-element-b3495b0 elementor-widget elementor-widget-heading\" data-id=\"b3495b0\" data-element_type=\"widget\" data-e-type=\"widget\" data-widget_type=\"heading.default\">\n\t\t\t\t<div class=\"elementor-widget-container\">\n\t\t\t\t\t<h2 class=\"elementor-heading-title elementor-size-default\">\u00c7mime t\u00eb shumta t\u00eb fituara n\u00eb vend dhe n\u00eb bot\u00eb d\u00ebshmojn\u00eb p\u00ebr cil\u00ebsin\u00eb ton\u00eb, por \u00e7mimi yn\u00eb m\u00eb i madh \u00ebsht\u00eb k\u00ebnaq\u00ebsia juaj n\u00eb Mastik\u00ebn e Strumic\u00ebs.\n\nSi aperitiv, Mastika e Strumic\u00ebs mund t\u00eb konsumohet me perime t\u00eb fresk\u00ebta, sallata t\u00eb qum\u00ebshtit ose fruta t\u00eb fresk\u00ebta. Mund t\u00eb kombinohet me t\u00eb gjitha l\u00ebngjet natyrore dhe t\u00eb gjitha llojet e uj\u00ebrave minerale.<\/h2>\t\t\t\t<\/div>\n\t\t\t\t<\/div>\n\t\t\t\t<div class=\"elementor-element elementor-element-566225f elementor-widget elementor-widget-image\" data-id=\"566225f\" data-element_type=\"widget\" data-e-type=\"widget\" data-widget_type=\"image.default\">\n\t\t\t\t<div class=\"elementor-widget-container\">\n\t\t\t\t\t\t\t\t\t\t\t\t\t\t\t<img decoding=\"async\" width=\"1659\" height=\"1111\" src=\"https:\/\/www.grozd.mk\/wp-content\/uploads\/2021\/08\/Rectangle-150.jpg\" class=\"attachment-full size-full wp-image-281\" alt=\"\" srcset=\"https:\/\/www.grozd.mk\/wp-content\/uploads\/2021\/08\/Rectangle-150.jpg 1659w, https:\/\/www.grozd.mk\/wp-content\/uploads\/2021\/08\/Rectangle-150-300x201.jpg 300w, https:\/\/www.grozd.mk\/wp-content\/uploads\/2021\/08\/Rectangle-150-1024x686.jpg 1024w, https:\/\/www.grozd.mk\/wp-content\/uploads\/2021\/08\/Rectangle-150-768x514.jpg 768w, https:\/\/www.grozd.mk\/wp-content\/uploads\/2021\/08\/Rectangle-150-1536x1029.jpg 1536w\" sizes=\"(max-width: 1659px) 100vw, 1659px\" \/>\t\t\t\t\t\t\t\t\t\t\t\t\t\t\t<\/div>\n\t\t\t\t<\/div>\n\t\t\t\t<div class=\"elementor-element elementor-element-7dcfd66 elementor-widget elementor-widget-text-editor\" data-id=\"7dcfd66\" data-element_type=\"widget\" data-e-type=\"widget\" data-widget_type=\"text-editor.default\">\n\t\t\t\t<div class=\"elementor-widget-container\">\n\t\t\t\t\t\t\t\t\t<p>Compliance:<br \/><strong>POLITIKA P\u00cbR CIL\u00cbSIN\u00cb DHE SIGURIN\u00cb<\/strong><br \/><strong>DHE MBROJTJEN E MJEDISIT JET\u00cbSOR<\/strong><br \/>Cil\u00ebsia dhe siguria e produkteve nuk jan\u00eb vet\u00ebm q\u00ebllimi dhe baza p\u00ebr pun\u00ebn ton\u00eb aktuale, por edhe zhvillimi dhe p\u00ebrparimi yn\u00eb;<br \/>Parimet udh\u00ebheq\u00ebse n\u00eb parashikimin ton\u00eb jan\u00eb:<br \/>Prodhimi i pijeve alkoolike dhe joalkoolike t\u00eb sigurta dhe t\u00eb njohura cil\u00ebsore dhe p\u00ebrmir\u00ebsimi<br \/>dhe rikontrollimi i vazhduesh\u00ebm i sistemit t\u00eb cil\u00ebsis\u00eb dhe siguris\u00eb n\u00eb p\u00ebrputhje me k\u00ebrkesat ISO 22000:2005;<\/p>\t\t\t\t\t\t\t\t<\/div>\n\t\t\t\t<\/div>\n\t\t\t\t<div class=\"elementor-element elementor-element-e14b536 elementor-widget elementor-widget-image\" data-id=\"e14b536\" data-element_type=\"widget\" data-e-type=\"widget\" data-widget_type=\"image.default\">\n\t\t\t\t<div class=\"elementor-widget-container\">\n\t\t\t\t\t\t\t\t\t\t\t\t\t\t\t<img loading=\"lazy\" decoding=\"async\" width=\"1659\" height=\"1111\" src=\"https:\/\/www.grozd.mk\/wp-content\/uploads\/2021\/08\/Rectangle-149.jpg\" class=\"attachment-full size-full wp-image-284\" alt=\"\" srcset=\"https:\/\/www.grozd.mk\/wp-content\/uploads\/2021\/08\/Rectangle-149.jpg 1659w, https:\/\/www.grozd.mk\/wp-content\/uploads\/2021\/08\/Rectangle-149-300x201.jpg 300w, https:\/\/www.grozd.mk\/wp-content\/uploads\/2021\/08\/Rectangle-149-1024x686.jpg 1024w, https:\/\/www.grozd.mk\/wp-content\/uploads\/2021\/08\/Rectangle-149-768x514.jpg 768w, https:\/\/www.grozd.mk\/wp-content\/uploads\/2021\/08\/Rectangle-149-1536x1029.jpg 1536w\" sizes=\"(max-width: 1659px) 100vw, 1659px\" \/>\t\t\t\t\t\t\t\t\t\t\t\t\t\t\t<\/div>\n\t\t\t\t<\/div>\n\t\t\t\t<div class=\"elementor-element elementor-element-5a0f52c elementor-widget elementor-widget-text-editor\" data-id=\"5a0f52c\" data-element_type=\"widget\" data-e-type=\"widget\" data-widget_type=\"text-editor.default\">\n\t\t\t\t<div class=\"elementor-widget-container\">\n\t\t\t\t\t\t\t\t\t<ul><li>P\u00ebrmbushja e k\u00ebrkesave dhe tejkalimi i pritjeve t\u00eb bler\u00ebsve p\u00ebrmes d\u00ebrgimit profesional<br \/>dhe n\u00eb koh\u00eb me shpenzimet m\u00eb t\u00eb ul\u00ebta;<\/li><li>Mbajtja e marr\u00ebdh\u00ebnieve partnere t\u00eb furnizuesve tan\u00eb;<\/li><li>Realizimi i aktiviteteve t\u00eb dakorduara me angazhim maksimal, efikasitet dhe zbatim t\u00eb standardeve m\u00eb t\u00eb larta t\u00eb higjien\u00ebs;<\/li><li>Kontributi p\u00ebr shtetin dhe shoq\u00ebrin\u00eb duke u kujdesur p\u00ebr mjedisin jet\u00ebsor dhe ruajtjen e resurseve natyrore,<br \/>si dhe rritjen e nd\u00ebrgjegj\u00ebsimit ekologjik tek t\u00eb pun\u00ebsuarit;<\/li><li>Kujdesi p\u00ebr sh\u00ebndetin dhe sigurin\u00eb e t\u00eb pun\u00ebsuarve;<\/li><li>Trajnimi dhe edukimi i vazhduesh\u00ebm i t\u00eb pun\u00ebsuarve si shtyll\u00eb themelore e sistemit t\u00eb cil\u00ebsis\u00eb dhe siguris\u00eb;<\/li><li>Sigurimi i p\u00ebrpar\u00ebsis\u00eb konkurruese n\u00eb tregun nd\u00ebrkomb\u00ebtar;<\/li><li>Ndjekja e k\u00ebrkesave bot\u00ebrore t\u00eb tregut kur prezantohen produktet e reja;<\/li><li>Rritja e kontrollit t\u00eb siguris\u00eb s\u00eb produkteve t\u00eb gatshme gjat\u00eb procesit t\u00eb prodhimit.<\/li><\/ul>\t\t\t\t\t\t\t\t<\/div>\n\t\t\t\t<\/div>\n\t\t\t\t<div class=\"elementor-element elementor-element-406c1cc elementor-widget elementor-widget-text-editor\" data-id=\"406c1cc\" data-element_type=\"widget\" data-e-type=\"widget\" data-widget_type=\"text-editor.default\">\n\t\t\t\t<div class=\"elementor-widget-container\">\n\t\t\t\t\t\t\t\t\t<p>MOTO: Me tradit\u00eb drejt s\u00eb ardhmes.<\/p><p><br \/>SHA GROZD Strumic\u00eb \u00ebsht\u00eb e p\u00ebrkushtuar t'i kryej\u00eb t\u00eb gjitha aspektet e pun\u00ebs s\u00eb saj n\u00eb m\u00ebnyr\u00eb t\u00eb sigurt dhe t\u00eb p\u00ebrgjegjshme q\u00eb e mbron mjedisin jet\u00ebsor dhe komunitetin ku punon.<\/p><p>N\u00eb p\u00ebrputhje me k\u00ebt\u00eb obligim ne vendosim dhe ndjekim:<\/p><ul><li>Q\u00ebllimet ambicioze p\u00ebr t\u00eb parandaluar efektin e d\u00ebmsh\u00ebm mbi mjedisin jet\u00ebsor;<\/li><li>Menaxhimi proaktiv i rreziqeve t\u00eb mjedisit jet\u00ebsor p\u00ebr t\u00eb siguruar pajtueshm\u00ebrin\u00eb me k\u00ebrkesat e vlefshme ligjore dhe k\u00ebrkesat e tjera;<\/li><li>Punojm\u00eb n\u00eb m\u00ebnyr\u00eb efikase p\u00ebr t'i integruar t\u00eb gjitha aspektet e mjedisit jet\u00ebsor n\u00eb proceset, planifikimin dhe vendimmarrjen;<\/li><li>Jemi fleksibil p\u00ebr shkak t\u00eb p\u00ebrmir\u00ebsimit t\u00eb vazhduesh\u00ebm t\u00eb kontributit t\u00eb realizuar n\u00eb mjedisin jet\u00ebsor;<\/li><li>I informojm\u00eb hapur t\u00eb gjitha pal\u00ebt e interesuar, duke i p\u00ebrfshir\u00eb edhe bler\u00ebsit dhe shfryt\u00ebzuesit e produkteve p\u00ebr q\u00ebllimet tona;<\/li><li>Punojm\u00eb si ekip p\u00ebr t'i promovuar vlerat pozitive n\u00eb kuad\u00ebr t\u00eb t\u00eb cilave \u00e7do i pun\u00ebsuar e pranon p\u00ebrgjegj\u00ebsin\u00eb personale p\u00ebr mbrojtjen e mjedisit jet\u00ebsor.<\/li><\/ul><p>\u00a0<\/p><p>E realizojm\u00eb ambicien ton\u00eb p\u00ebr mbrojtjen e mjedisit jet\u00ebsor p\u00ebrmes sistemit efikas t\u00eb kontrollit t\u00eb uj\u00ebrave t\u00eb zeza, emisionit t\u00eb pluhurit, zhurm\u00ebs dhe gazrave t\u00eb mbeturinave.<\/p>\t\t\t\t\t\t\t\t<\/div>\n\t\t\t\t<\/div>\n\t\t\t\t\t<\/div>\n\t\t<\/div>\n\t\t\t\t\t<\/div>\n\t\t<\/section>\n\t\t\t\t<section class=\"elementor-section elementor-top-section elementor-element elementor-element-244f966 elementor-hidden-phone elementor-section-boxed elementor-section-height-default elementor-section-height-default\" data-id=\"244f966\" data-element_type=\"section\" data-e-type=\"section\">\n\t\t\t\t\t\t<div class=\"elementor-container elementor-column-gap-no\">\n\t\t\t\t\t<div class=\"elementor-column elementor-col-100 elementor-top-column elementor-element elementor-element-4968834\" data-id=\"4968834\" data-element_type=\"column\" data-e-type=\"column\">\n\t\t\t<div class=\"elementor-widget-wrap elementor-element-populated\">\n\t\t\t\t\t\t<div class=\"elementor-element elementor-element-2e74c48 elementor-invisible elementor-widget elementor-widget-image\" data-id=\"2e74c48\" data-element_type=\"widget\" data-e-type=\"widget\" data-settings=\"{&quot;_animation&quot;:&quot;flash&quot;}\" data-widget_type=\"image.default\">\n\t\t\t\t<div class=\"elementor-widget-container\">\n\t\t\t\t\t\t\t\t\t\t\t\t\t\t\t<img loading=\"lazy\" decoding=\"async\" width=\"31\" height=\"74\" src=\"https:\/\/www.grozd.mk\/wp-content\/uploads\/2021\/08\/Scroll-Down.png\" class=\"attachment-thumbnail size-thumbnail wp-image-271\" alt=\"\" \/>\t\t\t\t\t\t\t\t\t\t\t\t\t\t\t<\/div>\n\t\t\t\t<\/div>\n\t\t\t\t\t<\/div>\n\t\t<\/div>\n\t\t\t\t\t<\/div>\n\t\t<\/section>\n\t\t\t\t<\/div>","protected":false},"excerpt":{"rendered":"<p>STRUMICKA MASTIKA Strumicka Mastika has been drunk in the Strumica region for more than 300 years. We are proud to have the responsibility to keep the tradition of production and the secret of the recipe. Strumicka Mastika is a strong drink enjoyed for centuries. It is made according to a recipe that dates back to [&hellip;]<\/p>\n","protected":false},"author":1,"featured_media":0,"parent":97,"menu_order":0,"comment_status":"closed","ping_status":"closed","template":"elementor_header_footer","meta":{"footnotes":""},"class_list":["post-100","page","type-page","status-publish","hentry"],"yoast_head":"<!-- This site is optimized with the Yoast SEO plugin v27.5 - https:\/\/yoast.com\/product\/yoast-seo-wordpress\/ -->\n<title>Mastika - Grozd.mk<\/title>\n<meta name=\"robots\" content=\"index, follow, max-snippet:-1, max-image-preview:large, max-video-preview:-1\" \/>\n<link rel=\"canonical\" href=\"https:\/\/grozd.mk\/grozd\/mastika\/\" \/>\n<meta property=\"og:locale\" content=\"sq_AL\" \/>\n<meta property=\"og:type\" content=\"article\" \/>\n<meta property=\"og:title\" content=\"Mastika - Grozd.mk\" \/>\n<meta property=\"og:description\" content=\"STRUMICKA MASTIKA Strumicka Mastika has been drunk in the Strumica region for more than 300 years. We are proud to have the responsibility to keep the tradition of production and the secret of the recipe. Strumicka Mastika is a strong drink enjoyed for centuries. It is made according to a recipe that dates back to [&hellip;]\" \/>\n<meta property=\"og:url\" content=\"https:\/\/grozd.mk\/grozd\/mastika\/\" \/>\n<meta property=\"og:site_name\" content=\"Grozd.mk\" \/>\n<meta property=\"article:modified_time\" content=\"2021-08-23T22:53:27+00:00\" \/>\n<meta property=\"og:image\" content=\"https:\/\/grozd.mk\/wp-content\/uploads\/2021\/07\/since-1953-1.png\" \/>\n<meta name=\"twitter:card\" content=\"summary_large_image\" \/>\n<meta name=\"twitter:label1\" content=\"Est. reading time\" \/>\n\t<meta name=\"twitter:data1\" content=\"2 minuta\" \/>\n<script type=\"application\/ld+json\" class=\"yoast-schema-graph\">{\"@context\":\"https:\\\/\\\/schema.org\",\"@graph\":[{\"@type\":\"WebPage\",\"@id\":\"https:\\\/\\\/grozd.mk\\\/grozd\\\/mastika\\\/\",\"url\":\"https:\\\/\\\/grozd.mk\\\/grozd\\\/mastika\\\/\",\"name\":\"Mastika - Grozd.mk\",\"isPartOf\":{\"@id\":\"https:\\\/\\\/grozd.mk\\\/#website\"},\"primaryImageOfPage\":{\"@id\":\"https:\\\/\\\/grozd.mk\\\/grozd\\\/mastika\\\/#primaryimage\"},\"image\":{\"@id\":\"https:\\\/\\\/grozd.mk\\\/grozd\\\/mastika\\\/#primaryimage\"},\"thumbnailUrl\":\"https:\\\/\\\/www.grozd.mk\\\/wp-content\\\/uploads\\\/2021\\\/07\\\/since-1953-1.png\",\"datePublished\":\"2021-07-31T22:48:10+00:00\",\"dateModified\":\"2021-08-23T22:53:27+00:00\",\"breadcrumb\":{\"@id\":\"https:\\\/\\\/grozd.mk\\\/grozd\\\/mastika\\\/#breadcrumb\"},\"inLanguage\":\"sq\",\"potentialAction\":[{\"@type\":\"ReadAction\",\"target\":[\"https:\\\/\\\/grozd.mk\\\/grozd\\\/mastika\\\/\"]}]},{\"@type\":\"ImageObject\",\"inLanguage\":\"sq\",\"@id\":\"https:\\\/\\\/grozd.mk\\\/grozd\\\/mastika\\\/#primaryimage\",\"url\":\"https:\\\/\\\/www.grozd.mk\\\/wp-content\\\/uploads\\\/2021\\\/07\\\/since-1953-1.png\",\"contentUrl\":\"https:\\\/\\\/www.grozd.mk\\\/wp-content\\\/uploads\\\/2021\\\/07\\\/since-1953-1.png\"},{\"@type\":\"BreadcrumbList\",\"@id\":\"https:\\\/\\\/grozd.mk\\\/grozd\\\/mastika\\\/#breadcrumb\",\"itemListElement\":[{\"@type\":\"ListItem\",\"position\":1,\"name\":\"Home\",\"item\":\"https:\\\/\\\/grozd.mk\\\/\"},{\"@type\":\"ListItem\",\"position\":2,\"name\":\"Grozd\",\"item\":\"https:\\\/\\\/grozd.mk\\\/grozd\\\/\"},{\"@type\":\"ListItem\",\"position\":3,\"name\":\"Mastika\"}]},{\"@type\":\"WebSite\",\"@id\":\"https:\\\/\\\/grozd.mk\\\/#website\",\"url\":\"https:\\\/\\\/grozd.mk\\\/\",\"name\":\"Grozd.mk\",\"description\":\"Grozd.mk\",\"potentialAction\":[{\"@type\":\"SearchAction\",\"target\":{\"@type\":\"EntryPoint\",\"urlTemplate\":\"https:\\\/\\\/grozd.mk\\\/?s={search_term_string}\"},\"query-input\":{\"@type\":\"PropertyValueSpecification\",\"valueRequired\":true,\"valueName\":\"search_term_string\"}}],\"inLanguage\":\"sq\"}]}<\/script>\n<!-- \/ Yoast SEO plugin. -->","yoast_head_json":{"title":"Mastika - Grozd.mk","robots":{"index":"index","follow":"follow","max-snippet":"max-snippet:-1","max-image-preview":"max-image-preview:large","max-video-preview":"max-video-preview:-1"},"canonical":"https:\/\/grozd.mk\/grozd\/mastika\/","og_locale":"sq_AL","og_type":"article","og_title":"Mastika - Grozd.mk","og_description":"STRUMICKA MASTIKA Strumicka Mastika has been drunk in the Strumica region for more than 300 years. We are proud to have the responsibility to keep the tradition of production and the secret of the recipe. Strumicka Mastika is a strong drink enjoyed for centuries. It is made according to a recipe that dates back to [&hellip;]","og_url":"https:\/\/grozd.mk\/grozd\/mastika\/","og_site_name":"Grozd.mk","article_modified_time":"2021-08-23T22:53:27+00:00","og_image":[{"url":"https:\/\/grozd.mk\/wp-content\/uploads\/2021\/07\/since-1953-1.png","type":"","width":"","height":""}],"twitter_card":"summary_large_image","twitter_misc":{"Est. reading time":"2 minuta"},"schema":{"@context":"https:\/\/schema.org","@graph":[{"@type":"WebPage","@id":"https:\/\/grozd.mk\/grozd\/mastika\/","url":"https:\/\/grozd.mk\/grozd\/mastika\/","name":"Mastika - Grozd.mk","isPartOf":{"@id":"https:\/\/grozd.mk\/#website"},"primaryImageOfPage":{"@id":"https:\/\/grozd.mk\/grozd\/mastika\/#primaryimage"},"image":{"@id":"https:\/\/grozd.mk\/grozd\/mastika\/#primaryimage"},"thumbnailUrl":"https:\/\/www.grozd.mk\/wp-content\/uploads\/2021\/07\/since-1953-1.png","datePublished":"2021-07-31T22:48:10+00:00","dateModified":"2021-08-23T22:53:27+00:00","breadcrumb":{"@id":"https:\/\/grozd.mk\/grozd\/mastika\/#breadcrumb"},"inLanguage":"sq","potentialAction":[{"@type":"ReadAction","target":["https:\/\/grozd.mk\/grozd\/mastika\/"]}]},{"@type":"ImageObject","inLanguage":"sq","@id":"https:\/\/grozd.mk\/grozd\/mastika\/#primaryimage","url":"https:\/\/www.grozd.mk\/wp-content\/uploads\/2021\/07\/since-1953-1.png","contentUrl":"https:\/\/www.grozd.mk\/wp-content\/uploads\/2021\/07\/since-1953-1.png"},{"@type":"BreadcrumbList","@id":"https:\/\/grozd.mk\/grozd\/mastika\/#breadcrumb","itemListElement":[{"@type":"ListItem","position":1,"name":"Home","item":"https:\/\/grozd.mk\/"},{"@type":"ListItem","position":2,"name":"Grozd","item":"https:\/\/grozd.mk\/grozd\/"},{"@type":"ListItem","position":3,"name":"Mastika"}]},{"@type":"WebSite","@id":"https:\/\/grozd.mk\/#website","url":"https:\/\/grozd.mk\/","name":"Grozd.mk","description":"Grozd.mk","potentialAction":[{"@type":"SearchAction","target":{"@type":"EntryPoint","urlTemplate":"https:\/\/grozd.mk\/?s={search_term_string}"},"query-input":{"@type":"PropertyValueSpecification","valueRequired":true,"valueName":"search_term_string"}}],"inLanguage":"sq"}]}},"jetpack_sharing_enabled":true,"_links":{"self":[{"href":"https:\/\/www.grozd.mk\/sq\/wp-json\/wp\/v2\/pages\/100","targetHints":{"allow":["GET"]}}],"collection":[{"href":"https:\/\/www.grozd.mk\/sq\/wp-json\/wp\/v2\/pages"}],"about":[{"href":"https:\/\/www.grozd.mk\/sq\/wp-json\/wp\/v2\/types\/page"}],"author":[{"embeddable":true,"href":"https:\/\/www.grozd.mk\/sq\/wp-json\/wp\/v2\/users\/1"}],"replies":[{"embeddable":true,"href":"https:\/\/www.grozd.mk\/sq\/wp-json\/wp\/v2\/comments?post=100"}],"version-history":[{"count":0,"href":"https:\/\/www.grozd.mk\/sq\/wp-json\/wp\/v2\/pages\/100\/revisions"}],"up":[{"embeddable":true,"href":"https:\/\/www.grozd.mk\/sq\/wp-json\/wp\/v2\/pages\/97"}],"wp:attachment":[{"href":"https:\/\/www.grozd.mk\/sq\/wp-json\/wp\/v2\/media?parent=100"}],"curies":[{"name":"wp","href":"https:\/\/api.w.org\/{rel}","templated":true}]}}